{"id":2023,"date":"2016-09-09T01:46:52","date_gmt":"2016-09-09T01:46:52","guid":{"rendered":"http:\/\/themes.g5plus.net\/moveco\/?page_id=2023"},"modified":"2022-02-23T21:18:15","modified_gmt":"2022-02-23T20:18:15","slug":"about","status":"publish","type":"page","link":"https:\/\/www.compas-movers.com\/de\/about\/","title":{"rendered":"\u00dcber Uns"},"content":{"rendered":"<p>[vc_row layout=&#8221;container&#8221;][vc_column width=&#8221;1\/2&#8243; el_class=&#8221;col-md-6 col-sm-12&#8243;][g5plus_space desktop=&#8221;70&#8243; tablet=&#8221;20&#8243; tablet_portrait=&#8221;20&#8243; mobile_landscape=&#8221;20&#8243; mobile=&#8221;20&#8243;][g5plus_heading title=&#8221;<b>COMPAS<\/b>&#8221; heading_full=&#8221;&#8221; color_scheme=&#8221;light&#8221; sub_title=&#8221;Umzug ohne Umwege.&#8221;][vc_column_text el_class=&#8221;mg-top-25&#8243;]<\/p>\n<p>Genauso individuell wie jeder einzelne Kunde, ist auch jeder Umzug. Deshalb bieten wir unseren Kunden ma\u00dfgeschneiderte L\u00f6sungen f\u00fcr einen unkomplizierten und reibungslosen Umzug in alle Welt mit der erforderlichen Sorgfalt und Zuverl\u00e4ssigkeit \u2013 denn schlie\u00dflich geht es um Ihr Hab und Gut. Vertrauen Sie den Spezialisten!<\/p>\n<p>Bevor es an das Kisten packen f\u00fcr die weite Reise geht, beraten wir Sie ausf\u00fchrlich bei Ihnen zu Hause und telefonisch. Wir ermitteln das Umzugsvolumen sowie den Umfang des gew\u00fcnschten Services und planen sorgsam alle Schritte mit Ihnen gemeinsam.<\/p>\n<p>[\/vc_column_text][g5plus_space desktop=&#8221;70&#8243; tablet=&#8221;20&#8243; tablet_portrait=&#8221;20&#8243; mobile_landscape=&#8221;20&#8243; mobile=&#8221;20&#8243;][\/vc_column][vc_column width=&#8221;1\/2&#8243; el_class=&#8221;col-md-6 col-sm-12&#8243;][g5plus_space desktop=&#8221;70&#8243; tablet=&#8221;20&#8243; tablet_portrait=&#8221;20&#8243; mobile_landscape=&#8221;20&#8243; mobile=&#8221;20&#8243;][g5plus_heading title=&#8221;&#8221; heading_full=&#8221;&#8221; size=&#8221;md&#8221; frame_align=&#8221;frame-left&#8221; frame_height=&#8221;frame-15&#8243; color_scheme=&#8221;light&#8221;][vc_column_text el_class=&#8221;mg-top-25&#8243;]<\/p>\n<p>Bei der Durchf\u00fchrung Ihres Umzugs arbeiten wir mit ausgew\u00e4hlten und kompetenten Partnern unseres weltweiten Agentennetzwerks. Unsere Partner sind mit den Finessen der Zoll- und Einfuhrbestimmungen bestens vertraut und k\u00fcmmern sich im Zielland um die Zollabfertigung sowie um die Auslieferung an Ihre neue Adresse. Selbstverst\u00e4ndlich werden Sie bereits vor Umzugsbeginn von uns mit wichtigen Informationen zur Zollabfertigung im Bestimmungsland versorgt.<\/p>\n<p>Wir unterst\u00fctzen Sie auch gerne bei Auto-Importen im Rahmen eines Umzuges aus den USA nach Deutschland.<\/p>\n<p>Sie haben noch keinen neuen Wohnsitz oder Ihre M\u00f6bel sollen f\u00fcr die Dauer Ihres Auslandsaufenthaltes eingelagert werden? Die sichere Lagerung Ihres Umzugsgutes \u00fcbernehmen wir gerne &#8211; f\u00fcr wenige Tage und Wochen oder auch \u00fcber Jahre hinweg.<\/p>\n<p>Nehmen Sie <a href=\"http:\/\/compas-movers.com\/v2\/index.php\/de\/contacts\">Kontakt <\/a>zu uns auf. Unsere Mitarbeiter erstellen Ihnen ein kostenloses und individuell auf Ihre Bed\u00fcrfnisse und W\u00fcnsche abgestimmtes Angebot.<\/p>\n<p>[\/vc_column_text][g5plus_space desktop=&#8221;30&#8243; tablet=&#8221;20&#8243; tablet_portrait=&#8221;20&#8243; mobile_landscape=&#8221;20&#8243; mobile=&#8221;20&#8243;][\/vc_column][\/vc_row][vc_row layout=&#8221;container&#8221;][vc_column][g5plus_space desktop=&#8221;80&#8243; tablet=&#8221;70&#8243; tablet_portrait=&#8221;60&#8243; mobile_landscape=&#8221;50&#8243; mobile=&#8221;40&#8243;][g5plus_heading title=&#8221;unsere kunden&#8221; heading_full=&#8221;&#8221; align=&#8221;center&#8221; frame_height=&#8221;frame-20&#8243; color_scheme=&#8221;light&#8221;][vc_column_text css=&#8221;.vc_custom_1528402211205{margin-top: 25px !important;}&#8221; el_class=&#8221;max-width-640 text-center&#8221;]Einige der\u00a0Firmen f\u00fcr die wir arbeiten:[\/vc_column_text][g5plus_space desktop=&#8221;50&#8243; tablet=&#8221;40&#8243; tablet_portrait=&#8221;40&#8243; mobile_landscape=&#8221;40&#8243; mobile=&#8221;40&#8243;][g5plus_partner columns=&#8221;6&#8243; is_slider=&#8221;yes&#8221; items=&#8221;6&#8243; partners=&#8221;%5B%7B%22images%22%3A%223099%22%2C%22url%22%3A%22%23%22%7D%2C%7B%22images%22%3A%223100%22%7D%2C%7B%22images%22%3A%223101%22%2C%22url%22%3A%22%23%22%7D%2C%7B%22images%22%3A%223102%22%2C%22url%22%3A%22%23%22%7D%2C%7B%22images%22%3A%223103%22%2C%22url%22%3A%22%23%22%7D%2C%7B%22images%22%3A%223104%22%2C%22url%22%3A%22%23%22%7D%2C%7B%22images%22%3A%223110%22%7D%2C%7B%22images%22%3A%223111%22%7D%2C%7B%22images%22%3A%223112%22%7D%2C%7B%22images%22%3A%223113%22%7D%2C%7B%22images%22%3A%223114%22%7D%2C%7B%22images%22%3A%223115%22%7D%2C%7B%22images%22%3A%223116%22%7D%2C%7B%22images%22%3A%223117%22%7D%5D&#8221;][g5plus_space desktop=&#8221;120&#8243; tablet=&#8221;70&#8243; tablet_portrait=&#8221;60&#8243; mobile_landscape=&#8221;50&#8243; mobile=&#8221;40&#8243;][\/vc_column][\/vc_row]<\/p>\n","protected":false},"excerpt":{"rendered":"<p>[vc_row layout=&#8221;container&#8221;][vc_column width=&#8221;1\/2&#8243; el_class=&#8221;col-md-6 col-sm-12&#8243;][g5plus_space desktop=&#8221;70&#8243; tablet=&#8221;20&#8243; tablet_portrait=&#8221;20&#8243; mobile_landscape=&#8221;20&#8243; mobile=&#8221;20&#8243;][g5plus_heading title=&#8221;COMPAS&#8221; heading_full=&#8221;&#8221; color_scheme=&#8221;light&#8221; sub_title=&#8221;Umzug ohne Umwege.&#8221;][vc_column_text el_class=&#8221;mg-top-25&#8243;] Genauso individuell wie jeder einzelne Kunde, ist auch jeder Umzug. Deshalb bieten wir unseren Kunden ma\u00dfgeschneiderte L\u00f6sungen f\u00fcr einen unkomplizierten und reibungslosen Umzug in alle Welt mit der erforderlichen Sorgfalt und Zuverl\u00e4ssigkeit \u2013 denn schlie\u00dflich geht es um [&hellip;]<\/p>\n","protected":false},"author":1,"featured_media":0,"parent":0,"menu_order":0,"comment_status":"closed","ping_status":"closed","template":"","meta":{"footnotes":""},"translation":{"provider":"WPGlobus","version":"3.0.0","language":"de","enabled_languages":["en","de"],"languages":{"en":{"title":true,"content":true,"excerpt":false},"de":{"title":true,"content":true,"excerpt":false}}},"_links":{"self":[{"href":"https:\/\/www.compas-movers.com\/de\/wp-json\/wp\/v2\/pages\/2023"}],"collection":[{"href":"https:\/\/www.compas-movers.com\/de\/wp-json\/wp\/v2\/pages"}],"about":[{"href":"https:\/\/www.compas-movers.com\/de\/wp-json\/wp\/v2\/types\/page"}],"author":[{"embeddable":true,"href":"https:\/\/www.compas-movers.com\/de\/wp-json\/wp\/v2\/users\/1"}],"replies":[{"embeddable":true,"href":"https:\/\/www.compas-movers.com\/de\/wp-json\/wp\/v2\/comments?post=2023"}],"version-history":[{"count":14,"href":"https:\/\/www.compas-movers.com\/de\/wp-json\/wp\/v2\/pages\/2023\/revisions"}],"predecessor-version":[{"id":3355,"href":"https:\/\/www.compas-movers.com\/de\/wp-json\/wp\/v2\/pages\/2023\/revisions\/3355"}],"wp:attachment":[{"href":"https:\/\/www.compas-movers.com\/de\/wp-json\/wp\/v2\/media?parent=2023"}],"curies":[{"name":"wp","href":"https:\/\/api.w.org\/{rel}","templated":true}]}}